{"id":1607,"date":"2025-07-21T12:56:57","date_gmt":"2025-07-21T12:56:57","guid":{"rendered":"https:\/\/oltcloud.co\/?page_id=1607"},"modified":"2025-07-21T12:58:40","modified_gmt":"2025-07-21T12:58:40","slug":"politica-de-privacidade","status":"publish","type":"page","link":"https:\/\/oltcloud.co\/es\/politica-de-privacidade\/","title":{"rendered":"pol\u00edtica de privacidad"},"content":{"rendered":"<div data-elementor-type=\"wp-page\" data-elementor-id=\"1607\" class=\"elementor elementor-1607\" data-elementor-post-type=\"page\">\n\t\t\t\t<div class=\"elementor-element elementor-element-7930ed7 parallax-section e-flex e-con-boxed e-con e-parent\" data-id=\"7930ed7\" data-element_type=\"container\" data-e-type=\"container\" data-settings=\"{&quot;background_background&quot;:&quot;classic&quot;}\">\n\t\t\t\t\t<div class=\"e-con-inner\">\n\t\t\t\t<div class=\"elementor-element elementor-element-2f3664d elementor-widget__width-initial elementor-widget-mobile__width-inherit elementor-widget elementor-widget-heading\" data-id=\"2f3664d\" data-element_type=\"widget\" data-e-type=\"widget\" data-widget_type=\"heading.default\">\n\t\t\t\t<div class=\"elementor-widget-container\">\n\t\t\t\t\t<h1 class=\"elementor-heading-title elementor-size-default\">pol\u00edtica de privacidad<\/h1>\t\t\t\t<\/div>\n\t\t\t\t<\/div>\n\t\t\t\t\t<\/div>\n\t\t\t\t<\/div>\n\t\t<div class=\"elementor-element elementor-element-02b523f e-flex e-con-boxed e-con e-parent\" data-id=\"02b523f\" data-element_type=\"container\" data-e-type=\"container\">\n\t\t\t\t\t<div class=\"e-con-inner\">\n\t\t\t\t<div class=\"elementor-element elementor-element-12b09af elementor-widget elementor-widget-html\" data-id=\"12b09af\" data-element_type=\"widget\" data-e-type=\"widget\" data-widget_type=\"html.default\">\n\t\t\t\t<div class=\"elementor-widget-container\">\n\t\t\t\t\t<body>\r\n    <h4 class=\"center\">\r\n        <b>pol\u00edtica de privacidad<\/b>\r\n    <\/h4>\r\n    <p>\r\n        A <b>OLT Cloud<\/b> tem o compromisso com a privacidade e a seguran\u00e7a de seus Dados Pessoais. O tratamento de seus dados\r\n        pessoais \u00e9 condi\u00e7\u00e3o necess\u00e1ria para que possamos prestar a voc\u00ea os nossos servi\u00e7os e ao continuar utilizando\r\n        esta plataforma voc\u00ea est\u00e1 ciente e concorda com o tratamento de seus dados pessoais de acordo e nos termos desta\r\n        Pol\u00edtica de Privacidade.\r\n    <\/p>\r\n    <p><b>Esta pol\u00edtica aplica-se a:<\/b><\/p>\r\n    <p>Todos os Usu\u00e1rios da OLT Cloud.<\/p>\r\n    <p>O acesso ou uso das plataformas <b>OLT Cloud<\/b> por menores de 18 anos n\u00e3o emancipados \u00e9 expressamente proibido.<\/p>\r\n    <p>Ao utilizar o <b>OLT Cloud<\/b> voc\u00ea garante que \u00e9 capaz de exercer pessoalmente os atos da vida civil.<\/p>\r\n    <p><b>Direitos do Titular<\/b><\/p>\r\n    <p>\r\n        Titular de dados \u00e9 a pessoa natural aqu\u00e9m se referem os dados pessoais que s\u00e3o objeto de tratamento e que \u00e9\r\n        coletado pela empresa.\r\n    <\/p>\r\n    <p>Os seus direitos dos dados pessoais s\u00e3o os seguintes:<\/p>\r\n    <p>\r\n        <b>a) Exist\u00eancia de tratamento.<\/b> O direito de confirmar se a empresa realiza o tratamento dos seus dados pessoais\r\n        atrav\u00e9s de informa\u00e7\u00f5es claras e transparentes;\r\n    <\/p>\r\n    <p>\r\n        <b>b) A acesso aos Dados.<\/b> O direito de obter c\u00f3pia de seus dados pessoais e outras informa\u00e7\u00f5es adicionais que s\u00e3o\r\n        tratados pela empresa;\r\n    <\/p>\r\n    <p>\r\n        <b>c) Corre\u00e7\u00e3o de dados incompletos ou desatualizados.<\/b> O direito de solicitar que os dados tratados sejam corrigidos\r\n        ou atualizados;\r\n    <\/p>\r\n    <p>\r\n        <b>d) Anonimiza\u00e7\u00e3o, bloqueio ou elimina\u00e7\u00e3o de dados.<\/b> O direito de pedir anonimiza\u00e7\u00e3o (tornar identific\u00e1vel),\r\n        bloquear ou eliminar dados que se mostrem, desnecess\u00e1rios, excessivos ou em desconformidade com a finalidade\r\n        informada;\r\n    <\/p>\r\n    <p>\r\n        <b>e) Portabilidade dos dados a outro fornecedor de servi\u00e7o.<\/b> O direito de solicitar o compartilhamento dos dados\r\n        fornecidos a empresa, e devem ser transferidos em formato estruturado, no mesmo formato;\r\n    <\/p>\r\n    <p>\r\n        <b>f) Elimina\u00e7\u00e3o dos dados pessoais.<\/b> O direito de solicitar a elimina\u00e7\u00e3o de seus dados da base da empresa. Desde que\r\n        os dados necess\u00e1rios para o cumprimento de obriga\u00e7\u00e3o legal e regulat\u00f3rio.\r\n    <\/p>\r\n    <p><b>g) Compartilhamento de dados.<\/b> Saber com quem seus dados est\u00e3o sendo compartilhados.<\/p>\r\n    <p>\r\n        <b>i) Cancelamento de consentimento.<\/b> Direito de cancelar o consentimento a qualquer momento, de forma gratuita e\r\n        facilitada\r\n    <\/p>\r\n    <p><b>Quais dados n\u00f3s coletamos?<\/b><\/p>\r\n    <p>\r\n        N\u00f3s coletamos os dados pessoais necess\u00e1rios para prestar nossos servi\u00e7os e ofertar produtos a voc\u00ea. A Lei Geral\r\n        de Prote\u00e7\u00e3o de Dados Pessoais (\u201cLGPD\u201d) considera dados pessoais aqueles que identificam ou tornam uma pessoa\r\n        identific\u00e1vel. Para isso coletamos:\r\n    <\/p>\r\n    <p>\r\n        <b>Dados de identifica\u00e7\u00e3o<\/b> \u2013 S\u00e3o os dados que identificam voc\u00ea como o seu nome completo, e-mail, telefone, endere\u00e7o,\r\n        CEP, CPF, RG, data de nascimento e senha.\r\n    <\/p>\r\n    <p>\r\n        <b>Dados de navega\u00e7\u00e3o<\/b> \u2013 S\u00e3o os dados que s\u00e3o gerados atrav\u00e9s do uso de nossas plataformas, como: endere\u00e7o IP,\r\n        provedor de navega\u00e7\u00e3o, conex\u00e3o de rede, cookies, dados de geolocaliza\u00e7\u00e3o quando autorizados em seu dispositivo,\r\n        sistema operacional de seu dispositivo, desempenho do provedor, da rede e do dispositivo, servi\u00e7os acessados,\r\n        intera\u00e7\u00f5es realizadas e ID do seu dispositivo.\r\n    <\/p>\r\n    <p>\r\n        <b>Dados de terceiros<\/b> \u2013 S\u00e3o os dados que podemos obter atrav\u00e9s de fontes p\u00fablicas, prestadores de servi\u00e7os ou de\r\n        nossos parceiros, sempre de acordo com a legisla\u00e7\u00e3o brasileira, por exemplo: seu hist\u00f3rico de cr\u00e9dito, scores\r\n        gerados por bureaus de cr\u00e9dito, restri\u00e7\u00f5es financeiras, dados necess\u00e1rios para viabilizar opera\u00e7\u00f5es financeiras,\r\n        realizar a complementa\u00e7\u00e3o de dados informados e atender \u00e0s suas demandas. Voc\u00ea pode consultar as Pol\u00edticas de\r\n        Privacidade dos terceiros com os quais interage nos pr\u00f3prios websites desses.\r\n    <\/p>\r\n    <p>\r\n        <b>Dados biom\u00e9tricos<\/b> \u2013 S\u00e3o os dados necess\u00e1rios para garantir a valida\u00e7\u00e3o da sua identidade e prevenir que n\u00e3o\r\n        ocorram fraudes em seu nome, por exemplo: a selfie que pedimos que voc\u00ea tire junto ao seu documento oficial para\r\n        certificarmos a sua identidade. Os dados biom\u00e9tricos s\u00e3o considerados dados sens\u00edveis e quando formos realizar o\r\n        tratamento desses dados avisaremos voc\u00ea.\r\n    <\/p>\r\n    <p><b>Para que utilizamos os seus Dados Pessoais<\/b><\/p>\r\n    <p>Abaixo est\u00e3o detalhados quais dados ser\u00e3o coletados e a finalidade para tratamento dos dados:<\/p>\r\n    <table border=\"1\" style=\"border-collapse: collapse; width: 100%\">\r\n        <tbody><tr class=\"center\">\r\n            <td>\r\n                <b>Dados Pessoais<\/b>\r\n            <\/td>\r\n            <td>\r\n                <b>Finalidades do Tratamento<\/b>\r\n            <\/td>\r\n        <\/tr>\r\n        <tr>\r\n            <td>\r\n                <ul>\r\n                    <li>Dados pessoais que voc\u00ea nos informa ao criar uma conta na OLT Cloud<\/li>\r\n                <\/ul>\r\n            <\/td>\r\n            <td>\r\n                <ul>\r\n                    <li>Para identificar e autenticar voc\u00ea adequadamente em nossas plataformas.<\/li>\r\n                    <li>Para manter seu cadastro atualizado e contatarmos voc\u00ea por telefone, e-mail, WhatsApp ou outros meios de comunica\u00e7\u00e3o.<\/li>\r\n                    <li>Para cumprir com os termos e condi\u00e7\u00f5es desta Pol\u00edtica bem como os Termos de Uso de nossos produtos e servi\u00e7os.<\/li>\r\n                    <li>Para atender \u00e0s suas solicita\u00e7\u00f5es e d\u00favidas em nossos canais de atendimento.<\/li>\r\n                    <li>Para informar voc\u00ea sobre as novidades, novas funcionalidades, conte\u00fados, not\u00edcias e demais eventos relevantes do OLT Cloud.<\/li>\r\n                    <li>Para enviar mensagens sobre os nossos produtos ou servi\u00e7os que possam ser do seu interesse.<\/li>\r\n                    <li>Para conhecer voc\u00ea, continuar inovando, aprimorando e desenvolvendo nossos produtos.<\/li>\r\n                    <li>Para informar voc\u00ea sobre mudan\u00e7as em nossos termos, servi\u00e7os ou pol\u00edticas (incluindo esta Pol\u00edtica).<\/li>\r\n                <\/ul>\r\n            <\/td>\r\n        <\/tr>\r\n        <tr>\r\n            <td>\r\n                <ul>\r\n                    <li>Os dados pessoais decorrentes de sua navega\u00e7\u00e3o nas nossas plataformas.<\/li>\r\n                <\/ul>\r\n            <\/td>\r\n            <td>\r\n                <ul>\r\n                    <li>Para melhorar cada vez mais a sua experi\u00eancia de uso em nossas plataformas.<\/li>\r\n                    <li>Para produzirmos estat\u00edsticas, estudos, pesquisas e levantamentos apropriados e necess\u00e1rios para oferecer \u00e0 voc\u00ea nossos servi\u00e7os, sendo que, sempre que poss\u00edvel.<\/li>\r\n                    <li>Para exibir publicidade a voc\u00ea nas nossas plataformas ou em sites terceiros.<\/li>\r\n                    <li>Para customizar os conte\u00fados e a publicidade que mostramos em nossas plataformas.<\/li>\r\n                    <li>Para recomendar a voc\u00ea nossos servi\u00e7os e produtos, incluindo servi\u00e7os de terceiros que possam ser do seu interesse.<\/li>\r\n                    <li>Para criar um perfil sobre voc\u00ea, personalizando a sua experi\u00eancia em nossos servi\u00e7os.<\/li>\r\n                    <li>Para monitorar atividades e tend\u00eancias de uso.<\/li>\r\n                    <li>Para mensurar intera\u00e7\u00f5es e audi\u00eancia dos Servi\u00e7os. Para reconhecer e acompanhar a sua navega\u00e7\u00e3o.<\/li>\r\n                    <li>Para cumprir com obriga\u00e7\u00f5es legais ou regulat\u00f3rias, bem como exercer direitos em processos judiciais, administrativos ou arbitrais.<\/li>\r\n                <\/ul>\r\n            <\/td>\r\n        <\/tr>\r\n        <tr>\r\n            <td>\r\n                <ul>\r\n                    <li>Dados pessoais necess\u00e1rios para a presta\u00e7\u00e3o de nossos servi\u00e7os e ofertar produtos.<\/li>\r\n                <\/ul>\r\n            <\/td>\r\n            <td>\r\n                <ul>\r\n                    <li>Para confirmar e completar os seus dados, conforme a rela\u00e7\u00e3o estabelecida com voc\u00ea.<\/li>\r\n                    <li>Para prevenir fraudes e garantir a voc\u00ea seguran\u00e7a na presta\u00e7\u00e3o de nossos servi\u00e7os e no oferecimento de nossos produtos.<\/li>\r\n                    <li>Para execu\u00e7\u00e3o dos contratos ou para procedimentos pr\u00e9-contratuais.<\/li>\r\n                    <li>Para atender suas demandas relacionadas a execu\u00e7\u00e3o de nossos produtos ou servi\u00e7os.<\/li>\r\n                    <li>Para cumprir com obriga\u00e7\u00f5es legais ou regulat\u00f3rias, bem como, exercer direitos em processos judiciais, administrativos ou arbitrais.<\/li>\r\n                <\/ul>\r\n            <\/td>\r\n        <\/tr>\r\n        <tr>\r\n            <td>\r\n                <ul>\r\n                    <li>Dados pessoais informados por terceiros.<\/li>\r\n                <\/ul>\r\n            <\/td>\r\n            <td>\r\n                <ul>\r\n                    <li>Para prevenir fraudes e garantir a voc\u00ea seguran\u00e7a na presta\u00e7\u00e3o de nossos servi\u00e7os e no oferecimento de nossos produtos.<\/li>\r\n                    <li>Para promover a prote\u00e7\u00e3o ao cr\u00e9dito.<\/li>\r\n                    <li>Para complementa\u00e7\u00e3o de dados visando facilitar seu cadastro e melhorar sua experi\u00eancia nos nossos produtos e servi\u00e7os.<\/li>\r\n                    <li>Para prevenir problemas t\u00e9cnicos ou de seguran\u00e7a.<\/li>\r\n                    <li>Para proteger nossos direitos e propriedades, inclusive de invas\u00f5es e incidentes de seguran\u00e7a.<\/li>\r\n                    <li>Para suporte t\u00e9cnico e operacional e garantir a funcionalidade dos nossos servi\u00e7os.<\/li>\r\n                    <li>Para ofertar nossos servi\u00e7os e produtos, bem como os de nossos parceiros.<\/li>\r\n                    <li>Para viabilizar transa\u00e7\u00f5es financeiras.<\/li>\r\n                <\/ul>\r\n            <\/td>\r\n        <\/tr>\r\n    <\/tbody><\/table>\r\n\r\n    <p>\r\n        <b>Compartilhamento dos dados coletados<\/b>\r\n    <\/p>\r\n    <p>\r\n        A <b>OLT Cloud<\/b> compartilha os seus dados com terceiros que possuem padr\u00f5es de seguran\u00e7a e confidencialidade adequados\r\n        e aptos para proteger os seus dados. Entre esses terceiros est\u00e3o:\r\n    <\/p>\r\n    <ul>\r\n        <li>\r\n            <b>Parceiros de neg\u00f3cios<\/b> \u2013 Podemos compartilhar os seus dados com nossos parceiros para\r\n            ofertar nossos servi\u00e7os, ampliar e desenvolver nossos neg\u00f3cios, assim como melhoria da\r\n            nossa plataforma, armazenamento de dados para suporte t\u00e9cnico e operacional aos nossos servi\u00e7os.\r\n        <\/li>\r\n        <li>\r\n            <b>Servi\u00e7o de marketing<\/b> \u2013 Para ofertar a voc\u00ea an\u00fancios que sejam do seu interesse,\r\n            envio de e-mail marketing, mensagens pelo aplicativo, notifica\u00e7\u00e3o instant\u00e2nea de push,\r\n            entre outros canais de comunica\u00e7\u00e3o.\r\n        <\/li>\r\n        <li>\r\n            <b>Bureaus de cr\u00e9dito, integradores de meios de pagamento e empresas de cart\u00f5es de cr\u00e9dito<\/b> \u2013\r\n            Para utilizar e processar pagamentos realizados em decorr\u00eancia do uso de nossos servi\u00e7os ou\r\n            produtos, cumprir com obriga\u00e7\u00f5es contratuais, prevenir atividades ilegais, suspeitas ou fraudulenta,\r\n            garantir a preven\u00e7\u00e3o \u00e0 fraude e a seguran\u00e7a dos nossos usu\u00e1rios.\r\n        <\/li>\r\n        <li>\r\n            <b>Autoridades Governamentais<\/b> - Casos em que a empresa for obrigada a divulgar ou partilhar\r\n            os dados coletados, a fim de cumprir com obriga\u00e7\u00f5es legais ou regulat\u00f3rias, para execu\u00e7\u00e3o de\r\n            contratos, para exerc\u00edcio de direitos em processos judiciais, administrativos ou arbitrais e\r\n            para garantir a preven\u00e7\u00e3o \u00e0 fraude.\r\n        <\/li>\r\n        <li>\r\n            <b>Titular<\/b> \u2013 Para garantir o atendimento dos requerimentos e nossa transpar\u00eancia sobre formas de \r\n            tratamento dos seus dados pessoais.\r\n        <\/li>\r\n    <\/ul>\r\n\r\n    <p><b>Seguran\u00e7a dos dados pessoais<\/b><\/p>\r\n    <p>Adotamos medidas t\u00e9cnicas e organizacionais para proteger seus dados da forma mais \u00edntegra poss\u00edvel.<\/p>\r\n    <p>\r\n        Os dados pessoais de sua conta e todas as informa\u00e7\u00f5es s\u00e3o armazenados e trafegam de forma segura, sendo que\r\n        apenas os colaboradores autorizados pela empresa podem ter acesso \u00e0s suas informa\u00e7\u00f5es pessoais, estando\r\n        obrigatoriamente sujeitos aos deveres de confidencialidade e rigoroso respeito \u00e0 sua privacidade nos termos\r\n        desta Pol\u00edtica.\r\n    <\/p>\r\n    <p>\r\n        Todas as transa\u00e7\u00f5es da OLT Cloud e seus produtos s\u00e3o criptografadas, sujeitas a backup de dados, ferramentas de\r\n        monitoramento, pol\u00edticas de seguran\u00e7a, controles de acesso para colaboradores, com softwares de seguran\u00e7a\r\n        atualizados.\r\n    <\/p>\r\n    <p>\r\n        Se qualquer viola\u00e7\u00e3o da seguran\u00e7a pr\u00f3pria ou a empresas de hospedagem, incluindo invas\u00f5es, vazamentos de dados ou\r\n        qualquer outro incidente de seguran\u00e7a da informa\u00e7\u00e3o, iremos notificar as autoridades nacionais, Cliente, nos\r\n        casos que forem afetados.\r\n    <\/p>\r\n    <p><b>Transfer\u00eancia Internacional de dados.<\/b><\/p>\r\n    <p>\r\n        Alguns dos dados coletados, ou todos eles, poder\u00e3o ser objeto de transfer\u00eancia internacional, para o\r\n        compartilhamento entre empresas do grupo econ\u00f4mico da OLT Cloud e para o armazenamento em servi\u00e7os de computa\u00e7\u00e3o\r\n        em nuvem localizados no Brasil. A OLT Cloud observa todas as diretrizes estabelecidas pela legisla\u00e7\u00e3o vigente e\r\n        adota as melhores pr\u00e1ticas de seguran\u00e7a e privacidade para garantir a integridade e confidencialidade dos seus\r\n        dados pessoais.\r\n    <\/p>\r\n    <p><b>Armazenamento dos dados.<\/b><\/p>\r\n    <p>\r\n        A empresa armazenar\u00e1 seus dados durante todo o per\u00edodo necess\u00e1rio para desempenhar as finalidades pelas quais\r\n        foram coletados, cumprir com as obriga\u00e7\u00f5es legais ou regulat\u00f3rias e demais e leis aplic\u00e1veis.\r\n    <\/p>\r\n    <p><b>Mudan\u00e7a na Pol\u00edtica de Privacidade<\/b><\/p>\r\n\r\n    <p>\r\n        Constantemente visamos melhorar nossa Pol\u00edtica e aprimorar nossos produtos e servi\u00e7os para voc\u00ea, essas mudan\u00e7as\r\n        poder\u00e3o ser refletidas nesta p\u00e1gina. Por isso, antes de usar os nossos servi\u00e7os d\u00ea sempre uma olhadinha\r\n        aqui!\r\n    <\/p>\r\n    <p>\r\n        N\u00f3s avisaremos voc\u00ea sobre as altera\u00e7\u00f5es que fizermos, seja atrav\u00e9s do envio de e-mail, mensagem pelo aplicativo\r\n        Whatsapp, notifica\u00e7\u00e3o instant\u00e2nea (push) ou por outros meios.\r\n    <\/p>\r\n    <p>\r\n        Atente-se a data da \u00faltima altera\u00e7\u00e3o desta Pol\u00edtica. Isso implica que voc\u00ea est\u00e1 ciente e t\u00eam conhecimento dos\r\n        termos aqui dispostos.\r\n    <\/p>\r\n    <p>\r\n        Entre em contato conosco atrav\u00e9s do nosso canal de atendimento. Estamos sempre \u00e0 disposi\u00e7\u00e3o para esclarecer suas\r\n        d\u00favidas, receber coment\u00e1rios ou reclama\u00e7\u00f5es:\r\n    <\/p>\r\n\r\n    <p>\r\n        Fone: <b>55 41 99254-0055<\/b><br>\r\n        E-mail: <b>suporte@oltcloud.co<\/b>\r\n    <\/p>\r\n    <p>\r\n        <b>Curitiba, 15 de Julho de 2025.<\/b>\r\n    <\/p>\r\n\r\n<\/body>\t\t\t\t<\/div>\n\t\t\t\t<\/div>\n\t\t\t\t\t<\/div>\n\t\t\t\t<\/div>\n\t\t\t\t<\/div>","protected":false},"excerpt":{"rendered":"<p>Pol\u00edtica de Privacidade Pol\u00edtica de Privacidade A OLT Cloud tem o compromisso com a privacidade e a seguran\u00e7a de seus Dados Pessoais. O tratamento de seus dados pessoais \u00e9 condi\u00e7\u00e3o necess\u00e1ria para que possamos prestar a voc\u00ea os nossos servi\u00e7os e ao continuar utilizando esta plataforma voc\u00ea est\u00e1 ciente e concorda com o tratamento de [&hellip;]<\/p>\n","protected":false},"author":2,"featured_media":0,"parent":0,"menu_order":0,"comment_status":"closed","ping_status":"closed","template":"","meta":{"footnotes":""},"class_list":["post-1607","page","type-page","status-publish","hentry"],"_links":{"self":[{"href":"https:\/\/oltcloud.co\/es\/wp-json\/wp\/v2\/pages\/1607","targetHints":{"allow":["GET"]}}],"collection":[{"href":"https:\/\/oltcloud.co\/es\/wp-json\/wp\/v2\/pages"}],"about":[{"href":"https:\/\/oltcloud.co\/es\/wp-json\/wp\/v2\/types\/page"}],"author":[{"embeddable":true,"href":"https:\/\/oltcloud.co\/es\/wp-json\/wp\/v2\/users\/2"}],"replies":[{"embeddable":true,"href":"https:\/\/oltcloud.co\/es\/wp-json\/wp\/v2\/comments?post=1607"}],"version-history":[{"count":0,"href":"https:\/\/oltcloud.co\/es\/wp-json\/wp\/v2\/pages\/1607\/revisions"}],"wp:attachment":[{"href":"https:\/\/oltcloud.co\/es\/wp-json\/wp\/v2\/media?parent=1607"}],"curies":[{"name":"wp","href":"https:\/\/api.w.org\/{rel}","templated":true}]}}