{"id":70,"date":"2025-05-19T20:22:00","date_gmt":"2025-05-19T20:22:00","guid":{"rendered":"https:\/\/oltcloud.co\/?page_id=70"},"modified":"2025-08-25T17:37:17","modified_gmt":"2025-08-25T17:37:17","slug":"sobre","status":"publish","type":"page","link":"https:\/\/oltcloud.co\/es\/sobre\/","title":{"rendered":"En"},"content":{"rendered":"<div data-elementor-type=\"wp-page\" data-elementor-id=\"70\" class=\"elementor elementor-70\" data-elementor-post-type=\"page\">\n\t\t\t\t<div class=\"elementor-element elementor-element-781e0c0 parallax-section e-flex e-con-boxed e-con e-parent\" data-id=\"781e0c0\" data-element_type=\"container\" data-e-type=\"container\" data-settings=\"{&quot;background_background&quot;:&quot;classic&quot;}\">\n\t\t\t\t\t<div class=\"e-con-inner\">\n\t\t\t\t<div class=\"elementor-element elementor-element-4c7f13a elementor-widget__width-initial elementor-widget-mobile__width-inherit elementor-widget elementor-widget-heading\" data-id=\"4c7f13a\" data-element_type=\"widget\" data-e-type=\"widget\" data-widget_type=\"heading.default\">\n\t\t\t\t<div class=\"elementor-widget-container\">\n\t\t\t\t\t<h1 class=\"elementor-heading-title elementor-size-default\">Sobre OLT CLOUD<\/h1>\t\t\t\t<\/div>\n\t\t\t\t<\/div>\n\t\t\t\t<div class=\"elementor-element elementor-element-b44cab9 elementor-widget__width-initial elementor-widget-mobile__width-inherit elementor-widget elementor-widget-text-editor\" data-id=\"b44cab9\" data-element_type=\"widget\" data-e-type=\"widget\" data-widget_type=\"text-editor.default\">\n\t\t\t\t<div class=\"elementor-widget-container\">\n\t\t\t\t\t\t\t\t\t<p>Descubra c\u00f3mo ayudamos a los proveedores de Internet a optimizar sus operaciones y escalar sus redes \u00f3pticas con confianza.<\/p>\t\t\t\t\t\t\t\t<\/div>\n\t\t\t\t<\/div>\n\t\t\t\t\t<\/div>\n\t\t\t\t<\/div>\n\t\t<div class=\"elementor-element elementor-element-c75b43d e-flex e-con-boxed e-con e-parent\" data-id=\"c75b43d\" data-element_type=\"container\" data-e-type=\"container\" data-settings=\"{&quot;background_background&quot;:&quot;classic&quot;}\">\n\t\t\t\t\t<div class=\"e-con-inner\">\n\t\t<div class=\"elementor-element elementor-element-e9264aa e-con-full e-flex e-con e-child\" data-id=\"e9264aa\" data-element_type=\"container\" data-e-type=\"container\">\n\t\t\t\t<div class=\"elementor-element elementor-element-5c0c255 elementor-widget elementor-widget-image\" data-id=\"5c0c255\" data-element_type=\"widget\" data-e-type=\"widget\" data-widget_type=\"image.default\">\n\t\t\t\t<div class=\"elementor-widget-container\">\n\t\t\t\t\t\t\t\t\t\t\t\t\t\t\t<img fetchpriority=\"high\" decoding=\"async\" width=\"256\" height=\"256\" src=\"https:\/\/oltcloud.co\/wp-content\/uploads\/2025\/05\/favicon.ico\" class=\"attachment-full size-full wp-image-1456\" alt=\"\" srcset=\"https:\/\/oltcloud.co\/wp-content\/uploads\/2025\/05\/favicon.ico 256w, https:\/\/oltcloud.co\/wp-content\/uploads\/2025\/05\/favicon-150x150.ico 150w\" sizes=\"(max-width: 256px) 100vw, 256px\" \/>\t\t\t\t\t\t\t\t\t\t\t\t\t\t\t<\/div>\n\t\t\t\t<\/div>\n\t\t\t\t<div class=\"elementor-element elementor-element-e2ec532 elementor-widget__width-initial elementor-widget elementor-widget-image\" data-id=\"e2ec532\" data-element_type=\"widget\" data-e-type=\"widget\" data-widget_type=\"image.default\">\n\t\t\t\t<div class=\"elementor-widget-container\">\n\t\t\t\t\t\t\t\t\t\t\t\t\t\t\t<img decoding=\"async\" width=\"418\" height=\"257\" src=\"https:\/\/oltcloud.co\/wp-content\/uploads\/2025\/07\/Ativo-1.svg\" class=\"attachment-full size-full wp-image-1534\" alt=\"\" \/>\t\t\t\t\t\t\t\t\t\t\t\t\t\t\t<\/div>\n\t\t\t\t<\/div>\n\t\t\t\t<\/div>\n\t\t<div class=\"elementor-element elementor-element-d4b0ddf e-con-full e-flex e-con e-child\" data-id=\"d4b0ddf\" data-element_type=\"container\" data-e-type=\"container\">\n\t\t\t\t<div class=\"elementor-element elementor-element-ffb77f3 elementor-widget elementor-widget-heading\" data-id=\"ffb77f3\" data-element_type=\"widget\" data-e-type=\"widget\" data-widget_type=\"heading.default\">\n\t\t\t\t<div class=\"elementor-widget-container\">\n\t\t\t\t\t<h4 class=\"elementor-heading-title elementor-size-default\">M\u00e1s que una plataforma. Un socio estrat\u00e9gico<\/h4>\t\t\t\t<\/div>\n\t\t\t\t<\/div>\n\t\t\t\t<div class=\"elementor-element elementor-element-55a9dd2 elementor-widget-mobile__width-inherit elementor-widget elementor-widget-text-editor\" data-id=\"55a9dd2\" data-element_type=\"widget\" data-e-type=\"widget\" data-widget_type=\"text-editor.default\">\n\t\t\t\t<div class=\"elementor-widget-container\">\n\t\t\t\t\t\t\t\t\t<p>En OLT Cloud, creemos que gestionar redes \u00f3pticas no debe ser complejo, sino inteligente.<\/p><p>Somos una empresa de tecnolog\u00eda especializada en automatizaci\u00f3n y gesti\u00f3n de redes de fibra \u00f3ptica. Nuestra plataforma est\u00e1 dise\u00f1ada espec\u00edficamente para proveedores de servicios de Internet (ISP) que exigen visibilidad, control y rendimiento en todos los niveles de su infraestructura.<\/p><p>Desde paneles en tiempo real hasta la automatizaci\u00f3n del aprovisionamiento, nuestras herramientas permiten a los equipos detectar fallos con mayor rapidez, actuar de forma proactiva y escalar operaciones con precisi\u00f3n. No somos solo otro software de monitoreo: somos el socio que entiende los desaf\u00edos de las redes GPON y proporciona las herramientas para resolverlos.<\/p><p>Con OLT Cloud, los proveedores obtienen m\u00e1s que visibilidad: obtienen autonom\u00eda, agilidad y confianza para crecer.<\/p>\t\t\t\t\t\t\t\t<\/div>\n\t\t\t\t<\/div>\n\t\t\t\t<\/div>\n\t\t\t\t\t<\/div>\n\t\t\t\t<\/div>\n\t\t<div class=\"elementor-element elementor-element-28e2244 e-flex e-con-boxed e-con e-parent\" data-id=\"28e2244\" data-element_type=\"container\" data-e-type=\"container\" data-settings=\"{&quot;background_background&quot;:&quot;classic&quot;}\">\n\t\t\t\t\t<div class=\"e-con-inner\">\n\t\t<div class=\"elementor-element elementor-element-89eaf6b e-con-full e-flex e-con e-child\" data-id=\"89eaf6b\" data-element_type=\"container\" data-e-type=\"container\">\n\t\t\t\t<div class=\"elementor-element elementor-element-596ef53 elementor-widget elementor-widget-heading\" data-id=\"596ef53\" data-element_type=\"widget\" data-e-type=\"widget\" data-widget_type=\"heading.default\">\n\t\t\t\t<div class=\"elementor-widget-container\">\n\t\t\t\t\t<h4 class=\"elementor-heading-title elementor-size-default\">Guiados por un prop\u00f3sito. Impulsados por la innovaci\u00f3n.<\/h4>\t\t\t\t<\/div>\n\t\t\t\t<\/div>\n\t\t\t\t<\/div>\n\t\t<div class=\"elementor-element elementor-element-3300981 e-con-full e-flex e-con e-child\" data-id=\"3300981\" data-element_type=\"container\" data-e-type=\"container\">\n\t\t\t\t<div class=\"elementor-element elementor-element-80d9db3 elementor-view-stacked elementor-shape-square elementor-position-inline-start elementor-mobile-position-block-start elementor-widget elementor-widget-icon-box\" data-id=\"80d9db3\" data-element_type=\"widget\" data-e-type=\"widget\" data-widget_type=\"icon-box.default\">\n\t\t\t\t<div class=\"elementor-widget-container\">\n\t\t\t\t\t\t\t<div class=\"elementor-icon-box-wrapper\">\n\n\t\t\t\t\t\t<div class=\"elementor-icon-box-icon\">\n\t\t\t\t<span  class=\"elementor-icon\">\n\t\t\t\t<i aria-hidden=\"true\" class=\"uiicons- ui-icons-fi-rr-location-crosshairs\"><\/i>\t\t\t\t<\/span>\n\t\t\t<\/div>\n\t\t\t\n\t\t\t\t\t\t<div class=\"elementor-icon-box-content\">\n\n\t\t\t\t\t\t\t\t\t<h4 class=\"elementor-icon-box-title\">\n\t\t\t\t\t\t<span  >\n\t\t\t\t\t\t\tVisi\u00f3n\t\t\t\t\t\t<\/span>\n\t\t\t\t\t<\/h4>\n\t\t\t\t\n\t\t\t\t\t\t\t\t\t<p class=\"elementor-icon-box-description\">\n\t\t\t\t\t\tSer la plataforma l\u00edder en gesti\u00f3n de redes \u00f3pticas inteligentes, empoderando a los ISP para escalar con autonom\u00eda, precisi\u00f3n y confianza.\t\t\t\t\t<\/p>\n\t\t\t\t\n\t\t\t<\/div>\n\t\t\t\n\t\t<\/div>\n\t\t\t\t\t\t<\/div>\n\t\t\t\t<\/div>\n\t\t\t\t<div class=\"elementor-element elementor-element-638fba0 elementor-view-stacked elementor-shape-square elementor-position-inline-start elementor-mobile-position-block-start elementor-widget elementor-widget-icon-box\" data-id=\"638fba0\" data-element_type=\"widget\" data-e-type=\"widget\" data-widget_type=\"icon-box.default\">\n\t\t\t\t<div class=\"elementor-widget-container\">\n\t\t\t\t\t\t\t<div class=\"elementor-icon-box-wrapper\">\n\n\t\t\t\t\t\t<div class=\"elementor-icon-box-icon\">\n\t\t\t\t<span  class=\"elementor-icon\">\n\t\t\t\t<i aria-hidden=\"true\" class=\"uiicons- ui-icons-fi-rr-population-globe\"><\/i>\t\t\t\t<\/span>\n\t\t\t<\/div>\n\t\t\t\n\t\t\t\t\t\t<div class=\"elementor-icon-box-content\">\n\n\t\t\t\t\t\t\t\t\t<h4 class=\"elementor-icon-box-title\">\n\t\t\t\t\t\t<span  >\n\t\t\t\t\t\t\tMiss\u00e3o\t\t\t\t\t\t<\/span>\n\t\t\t\t\t<\/h4>\n\t\t\t\t\n\t\t\t\t\t\t\t\t\t<p class=\"elementor-icon-box-description\">\n\t\t\t\t\t\tSimplificar y automatizar las operaciones de redes de fibra, proporcionando herramientas poderosas, visibilidad en tiempo real y un soporte incomparable para ISP en todo el mundo.\t\t\t\t\t<\/p>\n\t\t\t\t\n\t\t\t<\/div>\n\t\t\t\n\t\t<\/div>\n\t\t\t\t\t\t<\/div>\n\t\t\t\t<\/div>\n\t\t\t\t<\/div>\n\t\t\t\t\t<\/div>\n\t\t\t\t<\/div>\n\t\t<div class=\"elementor-element elementor-element-4d22b26 parallax-section e-flex e-con-boxed e-con e-parent\" data-id=\"4d22b26\" data-element_type=\"container\" data-e-type=\"container\" data-settings=\"{&quot;background_background&quot;:&quot;classic&quot;}\">\n\t\t\t\t\t<div class=\"e-con-inner\">\n\t\t<div class=\"elementor-element elementor-element-4957d04 e-con-full e-flex e-con e-child\" data-id=\"4957d04\" data-element_type=\"container\" data-e-type=\"container\">\n\t\t\t\t<div class=\"elementor-element elementor-element-f660a9c elementor-widget elementor-widget-image\" data-id=\"f660a9c\" data-element_type=\"widget\" data-e-type=\"widget\" data-widget_type=\"image.default\">\n\t\t\t\t<div class=\"elementor-widget-container\">\n\t\t\t\t\t\t\t\t\t\t\t\t\t\t\t<img decoding=\"async\" width=\"550\" height=\"550\" src=\"https:\/\/oltcloud.co\/wp-content\/uploads\/2025\/08\/1-CUSTOMIZE-O-ACESSO01.webp\" class=\"attachment-full size-full wp-image-1850\" alt=\"\" srcset=\"https:\/\/oltcloud.co\/wp-content\/uploads\/2025\/08\/1-CUSTOMIZE-O-ACESSO01.webp 550w, https:\/\/oltcloud.co\/wp-content\/uploads\/2025\/08\/1-CUSTOMIZE-O-ACESSO01-300x300.webp 300w, https:\/\/oltcloud.co\/wp-content\/uploads\/2025\/08\/1-CUSTOMIZE-O-ACESSO01-150x150.webp 150w, https:\/\/oltcloud.co\/wp-content\/uploads\/2025\/08\/1-CUSTOMIZE-O-ACESSO01-12x12.webp 12w\" sizes=\"(max-width: 550px) 100vw, 550px\" \/>\t\t\t\t\t\t\t\t\t\t\t\t\t\t\t<\/div>\n\t\t\t\t<\/div>\n\t\t\t\t<\/div>\n\t\t<div class=\"elementor-element elementor-element-96829a5 e-con-full e-flex e-con e-child\" data-id=\"96829a5\" data-element_type=\"container\" data-e-type=\"container\">\n\t\t\t\t<div class=\"elementor-element elementor-element-4e93190 elementor-widget elementor-widget-heading\" data-id=\"4e93190\" data-element_type=\"widget\" data-e-type=\"widget\" data-widget_type=\"heading.default\">\n\t\t\t\t<div class=\"elementor-widget-container\">\n\t\t\t\t\t<h3 class=\"elementor-heading-title elementor-size-default\">Libera todo el potencial de tu red de fibra<\/h3>\t\t\t\t<\/div>\n\t\t\t\t<\/div>\n\t\t\t\t<div class=\"elementor-element elementor-element-b78d594 elementor-widget elementor-widget-text-editor\" data-id=\"b78d594\" data-element_type=\"widget\" data-e-type=\"widget\" data-widget_type=\"text-editor.default\">\n\t\t\t\t<div class=\"elementor-widget-container\">\n\t\t\t\t\t\t\t\t\t<p>Descubre todas las herramientas que OLT Cloud ofrece para automatizar, monitorear y expandir tu infraestructura \u00f3ptica con precisi\u00f3n.<\/p>\t\t\t\t\t\t\t\t<\/div>\n\t\t\t\t<\/div>\n\t\t\t\t<div class=\"elementor-element elementor-element-b4accd1 elementor-widget elementor-widget-button\" data-id=\"b4accd1\" data-element_type=\"widget\" data-e-type=\"widget\" data-widget_type=\"button.default\">\n\t\t\t\t<div class=\"elementor-widget-container\">\n\t\t\t\t\t\t\t\t\t<div class=\"elementor-button-wrapper\">\n\t\t\t\t\t<a class=\"elementor-button elementor-button-link elementor-size-sm\" href=\"https:\/\/oltcloud.co\/es\/solucoes\/\">\n\t\t\t\t\t\t<span class=\"elementor-button-content-wrapper\">\n\t\t\t\t\t\t<span class=\"elementor-button-icon\">\n\t\t\t\t<i aria-hidden=\"true\" class=\"uiicons- ui-icons-fi-rr-arrow-right\"><\/i>\t\t\t<\/span>\n\t\t\t\t\t\t\t\t\t<span class=\"elementor-button-text\">Conoce nuestras Soluciones<\/span>\n\t\t\t\t\t<\/span>\n\t\t\t\t\t<\/a>\n\t\t\t\t<\/div>\n\t\t\t\t\t\t\t\t<\/div>\n\t\t\t\t<\/div>\n\t\t\t\t<\/div>\n\t\t\t\t\t<\/div>\n\t\t\t\t<\/div>\n\t\t\t\t<\/div>","protected":false},"excerpt":{"rendered":"<p>Sobre a OLT Cloud Descubra como ajudamos os Provedores de Internet a otimizar as opera\u00e7\u00f5es e dimensionar suas redes \u00f3pticas com confian\u00e7a. Mais que uma plataforma. Um parceiro estrat\u00e9gico Na OLT Cloud, acreditamos que gerenciar redes \u00f3pticas n\u00e3o deve ser complexo \u2014 deve ser inteligente. Somos uma empresa de tecnologia especializada em automa\u00e7\u00e3o e gerenciamento [&hellip;]<\/p>\n","protected":false},"author":2,"featured_media":0,"parent":0,"menu_order":0,"comment_status":"closed","ping_status":"closed","template":"","meta":{"footnotes":""},"class_list":["post-70","page","type-page","status-publish","hentry"],"_links":{"self":[{"href":"https:\/\/oltcloud.co\/es\/wp-json\/wp\/v2\/pages\/70","targetHints":{"allow":["GET"]}}],"collection":[{"href":"https:\/\/oltcloud.co\/es\/wp-json\/wp\/v2\/pages"}],"about":[{"href":"https:\/\/oltcloud.co\/es\/wp-json\/wp\/v2\/types\/page"}],"author":[{"embeddable":true,"href":"https:\/\/oltcloud.co\/es\/wp-json\/wp\/v2\/users\/2"}],"replies":[{"embeddable":true,"href":"https:\/\/oltcloud.co\/es\/wp-json\/wp\/v2\/comments?post=70"}],"version-history":[{"count":0,"href":"https:\/\/oltcloud.co\/es\/wp-json\/wp\/v2\/pages\/70\/revisions"}],"wp:attachment":[{"href":"https:\/\/oltcloud.co\/es\/wp-json\/wp\/v2\/media?parent=70"}],"curies":[{"name":"wp","href":"https:\/\/api.w.org\/{rel}","templated":true}]}}